{"id":9565,"date":"2020-12-28T13:59:56","date_gmt":"2020-12-28T12:59:56","guid":{"rendered":"http:\/\/www.pfarrei-we.de\/wp\/?page_id=9565"},"modified":"2020-12-28T14:21:06","modified_gmt":"2020-12-28T13:21:06","slug":"friedenslicht-aus-bethlehem","status":"publish","type":"page","link":"http:\/\/www.pfarrei-we.de\/wp\/friedenslicht-aus-bethlehem\/","title":{"rendered":"Friedenslicht aus Bethlehem"},"content":{"rendered":"<h1>Friedenslicht aus Bethlehem kommt nach Neuhaus<\/h1>\n<h2>Lichtfeier auf dem Kirchplatz vor der Heilig-Geist-Kirche<\/h2>\n<p>19.12.2020<\/p>\n<p>Im Regensburger Dom holten die Stammesvorsitzenden der Neuhauser Pfadfinder, Thomas Neugirg und David Kreinh\u00f6fner, das Friedenslicht aus Bethlehem ab. Unter dem Motto \u201eFrieden \u00fcberwindet Grenzen\u201c hatten die Pfadfinder der Di\u00f6zese zusammen mit Bischof Rudolf Voderholzer die Friedenslichtfeier im Dom gestaltet.<\/p>\n<p>Da die Pl\u00e4tze begrenzt waren, brachten die Neuhauser Pfadfinder das Licht auch f\u00fcr die Pfarreiengemeinschaft P\u00fcchersreuth\/Wurz\/Wildenau mit. Zusammen mit Pfarrer Hubert Bartel gestalteten sie auf dem Vorplatz der Heilig-Geist-Kirche in Neuhaus eine Lichtfeier.<\/p>\n<p>Kuratin Susi Bergler und die Mitglieder der Leiterrunde lasen Texte, die jeden zum Nachdenken brachten. So wurden im Predigtteil Gedanken vorgebracht, wie man mit einem \u201eDanke sch\u00f6n\u201c ganz leicht den Mitmenschen, Eltern, Geschwistern, Gro\u00dfeltern oder Nachbarn eine Freude machen kann. Zu jedem Gedanken wurde eine Kerze angez\u00fcndet.<\/p>\n<p>Anschlie\u00dfend entfachten die Pfadfinder Fackeln, die rund um den Kirchplatz aufgestellt waren. Hier konnten am Ende der Lichtfeier alle Teilnehmer ihre Kerzen und Laternen anz\u00fcnden und so das Friedenslicht aus Bethlehem mit nach Hause nehmen.<\/p>\n","protected":false},"excerpt":{"rendered":"<p>Friedenslicht aus Bethlehem kommt nach Neuhaus Lichtfeier auf dem Kirchplatz vor der Heilig-Geist-Kirche 19.12.2020 Im Regensburger Dom holten die Stammesvorsitzenden der Neuhauser Pfadfinder, Thomas Neugirg und David Kreinh\u00f6fner, das Friedenslicht aus Bethlehem ab. Unter dem Motto \u201eFrieden \u00fcberwindet Grenzen\u201c hatten&hellip;<\/p>\n<p class=\"more-link-p\"><a class=\"more-link\" href=\"http:\/\/www.pfarrei-we.de\/wp\/friedenslicht-aus-bethlehem\/\">Read more &rarr;<\/a><\/p>\n","protected":false},"author":3,"featured_media":0,"parent":0,"menu_order":0,"comment_status":"closed","ping_status":"closed","template":"","meta":{"footnotes":""},"_links":{"self":[{"href":"http:\/\/www.pfarrei-we.de\/wp\/wp-json\/wp\/v2\/pages\/9565"}],"collection":[{"href":"http:\/\/www.pfarrei-we.de\/wp\/wp-json\/wp\/v2\/pages"}],"about":[{"href":"http:\/\/www.pfarrei-we.de\/wp\/wp-json\/wp\/v2\/types\/page"}],"author":[{"embeddable":true,"href":"http:\/\/www.pfarrei-we.de\/wp\/wp-json\/wp\/v2\/users\/3"}],"replies":[{"embeddable":true,"href":"http:\/\/www.pfarrei-we.de\/wp\/wp-json\/wp\/v2\/comments?post=9565"}],"version-history":[{"count":1,"href":"http:\/\/www.pfarrei-we.de\/wp\/wp-json\/wp\/v2\/pages\/9565\/revisions"}],"predecessor-version":[{"id":9566,"href":"http:\/\/www.pfarrei-we.de\/wp\/wp-json\/wp\/v2\/pages\/9565\/revisions\/9566"}],"wp:attachment":[{"href":"http:\/\/www.pfarrei-we.de\/wp\/wp-json\/wp\/v2\/media?parent=9565"}],"curies":[{"name":"wp","href":"https:\/\/api.w.org\/{rel}","templated":true}]}}