{"id":8624,"date":"2020-02-26T10:04:40","date_gmt":"2020-02-26T09:04:40","guid":{"rendered":"http:\/\/www.pfarrei-we.de\/wp\/?page_id=8624"},"modified":"2020-02-26T10:04:40","modified_gmt":"2020-02-26T09:04:40","slug":"besinnungswochenende-fuer-pfarrgemeinderat-und-kirchenverwaltung","status":"publish","type":"page","link":"http:\/\/www.pfarrei-we.de\/wp\/besinnungswochenende-fuer-pfarrgemeinderat-und-kirchenverwaltung\/","title":{"rendered":"Besinnungswochenende f\u00fcr Pfarrgemeinderat und Kirchenverwaltung"},"content":{"rendered":"<h1>Feuer, Wasser, Luft und Erde erfahren<\/h1>\n<h2>Pfarrgemeinderat und Kirchenverwaltungen Windischeschenbach und Bernstein auf Besinnungswochenende<\/h2>\n<p>19.01.2020<\/p>\n<p>J\u00e4hrlich sind alle Mitglieder des Pfarrgemeinderates und der Kirchenverwaltungen der Pfarreiengemeinschaft Windischeschenbach-Neuhaus zum Besinnungswochenende eingeladen. Durch den Tag f\u00fchrte sie dieses Mal Referent Christian Kalis. Die Besinnungstage fanden heuer im Schloss Spindlhof bei Regenstauf statt.<\/p>\n<h1><img decoding=\"async\" loading=\"lazy\" class=\"alignright wp-image-8421\" src=\"http:\/\/www.pfarrei-we.de\/wp\/wp-content\/uploads\/2020\/01\/IMG_1419-300x200.jpg\" alt=\"\" width=\"350\" height=\"233\" srcset=\"http:\/\/www.pfarrei-we.de\/wp\/wp-content\/uploads\/2020\/01\/IMG_1419-300x200.jpg 300w, http:\/\/www.pfarrei-we.de\/wp\/wp-content\/uploads\/2020\/01\/IMG_1419-1024x683.jpg 1024w, http:\/\/www.pfarrei-we.de\/wp\/wp-content\/uploads\/2020\/01\/IMG_1419-150x100.jpg 150w, http:\/\/www.pfarrei-we.de\/wp\/wp-content\/uploads\/2020\/01\/IMG_1419-768x512.jpg 768w, http:\/\/www.pfarrei-we.de\/wp\/wp-content\/uploads\/2020\/01\/IMG_1419-1536x1024.jpg 1536w, http:\/\/www.pfarrei-we.de\/wp\/wp-content\/uploads\/2020\/01\/IMG_1419-2048x1365.jpg 2048w\" sizes=\"(max-width: 350px) 100vw, 350px\" \/><\/h1>\n<p>Bereits lange zuvor wurde Referent Christian Kalis engagiert. Er ist den meisten Mitreisenden kein Unbekannter: Sein Diakonatsjahr absolvierte Kalis in der Pfarrei Windischeschenbach. Aktuell leitet er das Bisch\u00f6fliche Jugendamt in Regensburg.<\/p>\n<p>Zum Jahresthema der Pfarreiengemeinschaft passend, w\u00e4hlte Kalis die vier Elemente Feuer, Wasser, Luft und Erde aus. Dazu gab es \u00dcbungen und Impulse \u2013 f\u00fcr sich selbst und seinen Alltag. Mit einer kurzen Meditation starteten die jeweiligen Themeneinheiten.<\/p>\n<h1><img decoding=\"async\" loading=\"lazy\" class=\"alignleft wp-image-8420\" src=\"http:\/\/www.pfarrei-we.de\/wp\/wp-content\/uploads\/2020\/01\/IMG_1412-200x300.jpg\" alt=\"\" width=\"233\" height=\"350\" srcset=\"http:\/\/www.pfarrei-we.de\/wp\/wp-content\/uploads\/2020\/01\/IMG_1412-200x300.jpg 200w, http:\/\/www.pfarrei-we.de\/wp\/wp-content\/uploads\/2020\/01\/IMG_1412-683x1024.jpg 683w, http:\/\/www.pfarrei-we.de\/wp\/wp-content\/uploads\/2020\/01\/IMG_1412-100x150.jpg 100w, http:\/\/www.pfarrei-we.de\/wp\/wp-content\/uploads\/2020\/01\/IMG_1412-768x1152.jpg 768w, http:\/\/www.pfarrei-we.de\/wp\/wp-content\/uploads\/2020\/01\/IMG_1412-1024x1536.jpg 1024w, http:\/\/www.pfarrei-we.de\/wp\/wp-content\/uploads\/2020\/01\/IMG_1412-1365x2048.jpg 1365w, http:\/\/www.pfarrei-we.de\/wp\/wp-content\/uploads\/2020\/01\/IMG_1412-scaled.jpg 1707w\" sizes=\"(max-width: 233px) 100vw, 233px\" \/><\/h1>\n<p>Zum Thema \u201eWasser\u201c gestalteten die Teilnehmer beispielsweise mit Wasserfarben ein buntes Korallenriff; zum Thema \u201eFeuer\u201c schrieb man sich gegenseitig Dinge, Menschen oder T\u00e4tigkeiten auf, f\u00fcr die ein jeder \u201ebrennt\u201c. Schnell war klar, dass die Familie f\u00fcr alle das Wichtigste ist, f\u00fcr das \u201edas eigene Feuer brennt\u201c. Vereine, Sport, Freunde und Hobbies entz\u00fcnden ebenfalls das Feuer.<\/p>\n<h1><img decoding=\"async\" loading=\"lazy\" class=\"alignright wp-image-8422\" src=\"http:\/\/www.pfarrei-we.de\/wp\/wp-content\/uploads\/2020\/01\/IMG_1464-300x200.jpg\" alt=\"\" width=\"350\" height=\"233\" srcset=\"http:\/\/www.pfarrei-we.de\/wp\/wp-content\/uploads\/2020\/01\/IMG_1464-300x200.jpg 300w, http:\/\/www.pfarrei-we.de\/wp\/wp-content\/uploads\/2020\/01\/IMG_1464-1024x683.jpg 1024w, http:\/\/www.pfarrei-we.de\/wp\/wp-content\/uploads\/2020\/01\/IMG_1464-150x100.jpg 150w, http:\/\/www.pfarrei-we.de\/wp\/wp-content\/uploads\/2020\/01\/IMG_1464-768x512.jpg 768w, http:\/\/www.pfarrei-we.de\/wp\/wp-content\/uploads\/2020\/01\/IMG_1464-1536x1024.jpg 1536w, http:\/\/www.pfarrei-we.de\/wp\/wp-content\/uploads\/2020\/01\/IMG_1464-2048x1365.jpg 2048w\" sizes=\"(max-width: 350px) 100vw, 350px\" \/><\/h1>\n<p>Wichtig als Windischeschenbacher bzw. Neuhauser ist auch der Zoigl \u2013 nicht nur als Getr\u00e4nk. Man sitzt in geselliger Runde zusammen, tauscht sich aus. Man rutscht zusammen \u2013 egal ob Gro\u00dfmanager oder Arbeiter. Daf\u00fcr \u201ebrennen\u201c viele der Teilnehmer; dieses \u201eFeuer\u201c hat auch Referent Christian Kalis in Windischeschenbach kennen lernen d\u00fcrfen. \u201eZoigl ist viel mehr \u2013 es ist ein Zusammenrutschen und ein Genie\u00dfen.\u201c<\/p>\n<h1><img decoding=\"async\" loading=\"lazy\" class=\"alignleft wp-image-8423\" src=\"http:\/\/www.pfarrei-we.de\/wp\/wp-content\/uploads\/2020\/01\/IMG_1492-300x200.jpg\" alt=\"\" width=\"350\" height=\"233\" srcset=\"http:\/\/www.pfarrei-we.de\/wp\/wp-content\/uploads\/2020\/01\/IMG_1492-300x200.jpg 300w, http:\/\/www.pfarrei-we.de\/wp\/wp-content\/uploads\/2020\/01\/IMG_1492-1024x683.jpg 1024w, http:\/\/www.pfarrei-we.de\/wp\/wp-content\/uploads\/2020\/01\/IMG_1492-150x100.jpg 150w, http:\/\/www.pfarrei-we.de\/wp\/wp-content\/uploads\/2020\/01\/IMG_1492-768x512.jpg 768w, http:\/\/www.pfarrei-we.de\/wp\/wp-content\/uploads\/2020\/01\/IMG_1492-1536x1024.jpg 1536w, http:\/\/www.pfarrei-we.de\/wp\/wp-content\/uploads\/2020\/01\/IMG_1492-2048x1365.jpg 2048w\" sizes=\"(max-width: 350px) 100vw, 350px\" \/><\/h1>\n<p>Zum Thema Luft folgte ein Spaziergang \u2013 an der Luft \u2013 mit der Nachdenk-Aufgabe: Was verleiht Leichtigkeit? Wann geht man in die Luft? Als letztes Element folgte die Erde. Kalis gab Impulse: Was passiert, wenn man nicht geerdet ist? Was kann ich tun, um geerdet zu sein?<\/p>\n<h1><img decoding=\"async\" loading=\"lazy\" class=\"alignright wp-image-8425\" src=\"http:\/\/www.pfarrei-we.de\/wp\/wp-content\/uploads\/2020\/01\/IMG_1512-300x200.jpg\" alt=\"\" width=\"350\" height=\"233\" srcset=\"http:\/\/www.pfarrei-we.de\/wp\/wp-content\/uploads\/2020\/01\/IMG_1512-300x200.jpg 300w, http:\/\/www.pfarrei-we.de\/wp\/wp-content\/uploads\/2020\/01\/IMG_1512-1024x683.jpg 1024w, http:\/\/www.pfarrei-we.de\/wp\/wp-content\/uploads\/2020\/01\/IMG_1512-150x100.jpg 150w, http:\/\/www.pfarrei-we.de\/wp\/wp-content\/uploads\/2020\/01\/IMG_1512-768x512.jpg 768w, http:\/\/www.pfarrei-we.de\/wp\/wp-content\/uploads\/2020\/01\/IMG_1512-1536x1024.jpg 1536w, http:\/\/www.pfarrei-we.de\/wp\/wp-content\/uploads\/2020\/01\/IMG_1512-2048x1365.jpg 2048w\" sizes=\"(max-width: 350px) 100vw, 350px\" \/><\/h1>\n<p>Bei einer \u00dcbung in Kleingruppen stellte Kalis den Teilnehmer die Erdung haptisch vor: Ein Mitglied stand im Kreis, der Rest der Gruppe um ihn herum. Die Mittelperson lie\u00df sich fallen, die im Kreisstehenden fingen auf. Wie ist es, wenn man die Erdung verliert? Man braucht beispielsweise Menschen oder Gedanken, die auffangen und wiederaufrichten.<\/p>\n<p>Mit einer Abschlussmeditation holte er alle Teilnehmer gedanklich ab und entriss sie ihren Alltagsgedanken. Er gab allen die M\u00f6glichkeit, f\u00fcr eine kurze Zeit sich auf sich selbst zu konzentrieren und abzuschalten. Die Abwechslung zwischen Arbeit und Gedanken im Plenum, in Kleingruppen und jeder f\u00fcr sich allein lie\u00dfen den Tag sehr kurzweilig werden.<\/p>\n<p>Den Abend rundete ein gemeinsames Abendlob in der Kirche in Spindlhof ab. Am Abend kam man im St\u00fcberl ins Gespr\u00e4ch, egal ob jung, ob alt Kirchenverwaltung oder Pfarrgemeinderat, ob Windischeschenbach, Bernstein oder Neuhaus \u2013 man kam zusammen und genoss die gemeinsame Zeit.<\/p>\n<p>Ein gemeinsamer Gottesdienst am Sonntag-Vormittag schloss das Wochenende ab. Das besondere war die spontan und frei formulierte Predigt: Pfarrer Hubert Bartel griff Gedanken aus der Lesung auf \u2013 die Teilnehmer durften sich mit ihren Gedanken und auch Fragen \u00e4u\u00dfern. Selbst die F\u00fcrbitten wurden spontan und frei von den Reisenden formuliert.<\/p>\n<p>\u201eEine tolle Truppe, das geht nicht mit jeder!\u201c, meinte Gemeindereferentin Gabriele Sieder; Stadtpfarrer Hubert Bartel stimmt diesem zu. Die Teilnehmer von Pfarrgemeinderat und Kirchenverwaltungen Windischeschenbach und Bernstein sind sich einig: Zwei Tage Auszeit im Jahr \u2013 das tut uns als Team gut und auch jedem pers\u00f6nlich. Das behalten wir bei.<\/p>\n<h1><img decoding=\"async\" loading=\"lazy\" class=\"wp-image-8424 size-large aligncenter\" src=\"http:\/\/www.pfarrei-we.de\/wp\/wp-content\/uploads\/2020\/01\/IMG_1500-1024x683.jpg\" alt=\"\" width=\"860\" height=\"574\" srcset=\"http:\/\/www.pfarrei-we.de\/wp\/wp-content\/uploads\/2020\/01\/IMG_1500-1024x683.jpg 1024w, http:\/\/www.pfarrei-we.de\/wp\/wp-content\/uploads\/2020\/01\/IMG_1500-300x200.jpg 300w, http:\/\/www.pfarrei-we.de\/wp\/wp-content\/uploads\/2020\/01\/IMG_1500-150x100.jpg 150w, http:\/\/www.pfarrei-we.de\/wp\/wp-content\/uploads\/2020\/01\/IMG_1500-768x512.jpg 768w, http:\/\/www.pfarrei-we.de\/wp\/wp-content\/uploads\/2020\/01\/IMG_1500-1536x1024.jpg 1536w, http:\/\/www.pfarrei-we.de\/wp\/wp-content\/uploads\/2020\/01\/IMG_1500-2048x1365.jpg 2048w\" sizes=\"(max-width: 860px) 100vw, 860px\" \/><\/h1>\n","protected":false},"excerpt":{"rendered":"<p>Feuer, Wasser, Luft und Erde erfahren Pfarrgemeinderat und Kirchenverwaltungen Windischeschenbach und Bernstein auf Besinnungswochenende 19.01.2020 J\u00e4hrlich sind alle Mitglieder des Pfarrgemeinderates und der Kirchenverwaltungen der Pfarreiengemeinschaft Windischeschenbach-Neuhaus zum Besinnungswochenende eingeladen. Durch den Tag f\u00fchrte sie dieses Mal Referent Christian Kalis.&hellip;<\/p>\n<p class=\"more-link-p\"><a class=\"more-link\" href=\"http:\/\/www.pfarrei-we.de\/wp\/besinnungswochenende-fuer-pfarrgemeinderat-und-kirchenverwaltung\/\">Read more &rarr;<\/a><\/p>\n","protected":false},"author":3,"featured_media":0,"parent":0,"menu_order":0,"comment_status":"closed","ping_status":"closed","template":"","meta":{"footnotes":""},"_links":{"self":[{"href":"http:\/\/www.pfarrei-we.de\/wp\/wp-json\/wp\/v2\/pages\/8624"}],"collection":[{"href":"http:\/\/www.pfarrei-we.de\/wp\/wp-json\/wp\/v2\/pages"}],"about":[{"href":"http:\/\/www.pfarrei-we.de\/wp\/wp-json\/wp\/v2\/types\/page"}],"author":[{"embeddable":true,"href":"http:\/\/www.pfarrei-we.de\/wp\/wp-json\/wp\/v2\/users\/3"}],"replies":[{"embeddable":true,"href":"http:\/\/www.pfarrei-we.de\/wp\/wp-json\/wp\/v2\/comments?post=8624"}],"version-history":[{"count":1,"href":"http:\/\/www.pfarrei-we.de\/wp\/wp-json\/wp\/v2\/pages\/8624\/revisions"}],"predecessor-version":[{"id":8625,"href":"http:\/\/www.pfarrei-we.de\/wp\/wp-json\/wp\/v2\/pages\/8624\/revisions\/8625"}],"wp:attachment":[{"href":"http:\/\/www.pfarrei-we.de\/wp\/wp-json\/wp\/v2\/media?parent=8624"}],"curies":[{"name":"wp","href":"https:\/\/api.w.org\/{rel}","templated":true}]}}