{"id":5142,"date":"2017-12-28T10:16:40","date_gmt":"2017-12-28T09:16:40","guid":{"rendered":"http:\/\/www.pfarrei-we.de\/wp\/?page_id=5142"},"modified":"2017-12-28T10:21:47","modified_gmt":"2017-12-28T09:21:47","slug":"thema-oekumene-beim-kab-seniorennachmittag","status":"publish","type":"page","link":"http:\/\/www.pfarrei-we.de\/wp\/thema-oekumene-beim-kab-seniorennachmittag\/","title":{"rendered":"Thema &#8222;\u00d6kumene&#8220; beim KAB-Seniorennachmittag"},"content":{"rendered":"<h1>Gemeinsamer Ursprung \u2013 Gemeinsames Ziel<\/h1>\n<h2>Pfarrer Hubert Bartel spricht beim KAB-Senioren-Nachmittag<\/h2>\n<p>26.01.2017<\/p>\n<p>Zum ersten Seniorennachmittag im neuen Jahr konnte Leiterin Evi Ziegler wieder eine gro\u00dfe Anzahl Teilnehmer begr\u00fc\u00dfen, darunter auch Ruhestandspfarrer Franz Reich und als Referenten Stadtpfarrer Hubert Bartel.<\/p>\n<p>Der Stadtpfarrer sprach zum Jahresthema \u201e\u00d6kumene\u201c. Dazu f\u00fchrte er an, dass es verschiedene Glaubensrichtungen nicht erst seit der Reformation gibt. Die ersten Christen waren vorher Juden, zu denen dann die sogenannten Heiden kamen. Da es bereits hier unterschiedliche Meinungen gab, war es schon damals notwendig, beim Apostelkonzil sich \u00fcber die Meinungsunterschiede zu unterhalten und den richtigen Weg zu finden.<\/p>\n<p>Um das Jahr 400 \/500 gab es die Abspaltung der Kopten. Um 1045 kam dann die erste gr\u00f6\u00dfere Kirchenspaltung in die Ost- und Westkirche, bedingt durch die Spaltung des r\u00f6mischen Reiches. Nach der Reformation vor 500 Jahren spaltete sich die Kirche erneut. \u201eSeitdem haben wir Protestanten und Katholiken.\u201c<\/p>\n<p>Pfarrer Bartel sprach dann die bestehenden Unterschiede an und kam dann auf das neue Jahresthema: \u201e\u00d6kumene \u2013 gemeinsamer Ursprung \u2013 gemeinsames Ziel n\u00e4her zu sprechen.<\/p>\n<p>Unter Bezug auf das Lutherjahr zum 500. Jubil\u00e4um der Reformation hat der Pfarrgemeinderat dieses Thema gew\u00e4hlt, um den Fragen in Bezug auf Katholiken und Protestanten auf den Grund zu gehen. Dazu ist in diesem Jahr ein gemeinsames, konfessions\u00fcbergreifendes Programm in Plalnung.<\/p>\n<p>Pfarrer Bartel nannte das \u00d6kumenische Abendgebet, das bereits seit Jahren immer abwechselnd in St. Elisabeth und in der Christuskirche stattfindet sowie den \u00f6kumenischen Jugendkreuzweg in Hl Geist. Ein \u00d6kumenischer Gottesdienst am Ostermontag in St. Emmeram mit anschlie\u00dfender Wanderung zum evangelischen Gemeindehaus mit Agape-Feier ist ebenfalls geplant.<\/p>\n<p><img decoding=\"async\" loading=\"lazy\" class=\"alignleft wp-image-3951\" src=\"http:\/\/www.pfarrei-we.de\/wp\/wp-content\/uploads\/2017\/02\/IMG_2278-300x225.jpg\" alt=\"IMG_2278\" width=\"350\" height=\"263\" srcset=\"http:\/\/www.pfarrei-we.de\/wp\/wp-content\/uploads\/2017\/02\/IMG_2278-300x225.jpg 300w, http:\/\/www.pfarrei-we.de\/wp\/wp-content\/uploads\/2017\/02\/IMG_2278-768x576.jpg 768w, http:\/\/www.pfarrei-we.de\/wp\/wp-content\/uploads\/2017\/02\/IMG_2278.jpg 1024w\" sizes=\"(max-width: 350px) 100vw, 350px\" \/>Im Herbst soll es eine gemeinsame Tagesfahrt \u201eAuf den Spuren Luthers\u201c nach Eisenach oder Wittenberg im Herbst geben. Der Termin soll demn\u00e4chst bekanntgegeben werden.<br \/>\nDar\u00fcber hinaus sein beide Seiten eingeladen, die Veranstaltungen der jeweils anderen Pfarrei wie etwa das Pfarrfest usw. zu besuchen.<\/p>\n<p>Der Stadtpfarrer beantwortete dann noch einige Fragen der Teilnehmer und erhielt f\u00fcr seinen leicht verst\u00e4ndlichen Vortrag viel Applaus.<\/p>\n","protected":false},"excerpt":{"rendered":"<p>Gemeinsamer Ursprung \u2013 Gemeinsames Ziel Pfarrer Hubert Bartel spricht beim KAB-Senioren-Nachmittag 26.01.2017 Zum ersten Seniorennachmittag im neuen Jahr konnte Leiterin Evi Ziegler wieder eine gro\u00dfe Anzahl Teilnehmer begr\u00fc\u00dfen, darunter auch Ruhestandspfarrer Franz Reich und als Referenten Stadtpfarrer Hubert Bartel. Der&hellip;<\/p>\n<p class=\"more-link-p\"><a class=\"more-link\" href=\"http:\/\/www.pfarrei-we.de\/wp\/thema-oekumene-beim-kab-seniorennachmittag\/\">Read more &rarr;<\/a><\/p>\n","protected":false},"author":3,"featured_media":0,"parent":0,"menu_order":0,"comment_status":"closed","ping_status":"closed","template":"","meta":{"footnotes":""},"_links":{"self":[{"href":"http:\/\/www.pfarrei-we.de\/wp\/wp-json\/wp\/v2\/pages\/5142"}],"collection":[{"href":"http:\/\/www.pfarrei-we.de\/wp\/wp-json\/wp\/v2\/pages"}],"about":[{"href":"http:\/\/www.pfarrei-we.de\/wp\/wp-json\/wp\/v2\/types\/page"}],"author":[{"embeddable":true,"href":"http:\/\/www.pfarrei-we.de\/wp\/wp-json\/wp\/v2\/users\/3"}],"replies":[{"embeddable":true,"href":"http:\/\/www.pfarrei-we.de\/wp\/wp-json\/wp\/v2\/comments?post=5142"}],"version-history":[{"count":2,"href":"http:\/\/www.pfarrei-we.de\/wp\/wp-json\/wp\/v2\/pages\/5142\/revisions"}],"predecessor-version":[{"id":5151,"href":"http:\/\/www.pfarrei-we.de\/wp\/wp-json\/wp\/v2\/pages\/5142\/revisions\/5151"}],"wp:attachment":[{"href":"http:\/\/www.pfarrei-we.de\/wp\/wp-json\/wp\/v2\/media?parent=5142"}],"curies":[{"name":"wp","href":"https:\/\/api.w.org\/{rel}","templated":true}]}}