{"id":1421,"date":"2016-07-01T22:59:26","date_gmt":"2016-07-01T21:59:26","guid":{"rendered":"http:\/\/www.pfarrei-we.de\/wp\/?page_id=1421"},"modified":"2016-09-11T09:24:07","modified_gmt":"2016-09-11T08:24:07","slug":"ministrantenaufnahme","status":"publish","type":"page","link":"http:\/\/www.pfarrei-we.de\/wp\/ministrantenaufnahme\/","title":{"rendered":"Ministrantenaufnahme"},"content":{"rendered":"<h1>F\u00fcnfmal Verst\u00e4rkung am Altar<a  href=\"http:\/\/www.pfarrei-we.de\/wp\/wp-content\/uploads\/2016\/07\/P6123680.jpg\" data-rel=\"lightbox-gallery-0\" data-rl_title=\"\" data-rl_caption=\"\" title=\"\"><img decoding=\"async\" loading=\"lazy\" class=\"size-medium wp-image-1762 alignright\" src=\"http:\/\/www.pfarrei-we.de\/wp\/wp-content\/uploads\/2016\/07\/P6123680-300x225.jpg\" alt=\"OLYMPUS DIGITAL CAMERA\" width=\"300\" height=\"225\" srcset=\"http:\/\/www.pfarrei-we.de\/wp\/wp-content\/uploads\/2016\/07\/P6123680-300x225.jpg 300w, http:\/\/www.pfarrei-we.de\/wp\/wp-content\/uploads\/2016\/07\/P6123680-768x576.jpg 768w, http:\/\/www.pfarrei-we.de\/wp\/wp-content\/uploads\/2016\/07\/P6123680-1024x768.jpg 1024w\" sizes=\"(max-width: 300px) 100vw, 300px\" \/><\/a><\/h1>\n<h2>Neue Minis aufgenommen<\/h2>\n<p>12.06.2016<\/p>\n<p>\u201eNun jauchzt dem Herren, alle Welt. Kommt her, zu seinem Dienst euch stellt..\u201c wurde als Eingangslied beim Gottesdienst in der Pfarrkirche St. Emmeram gesungen. Stadtpfarrer Hubert Bartel f\u00fchrte in der Begr\u00fc\u00dfung der Gl\u00e4ubigen aus, dass auch die neuen Ministranten bereit seien, sich \u201ein den Dienst\u201c zu stellen. Die Schrifttexte der Eucharistiefeier hatten Schuld und Vergebung als Thema; so handelte das Evangelium von der S\u00fcnderin Magdalena, die im Vertrauen zu Jesus kommt. Er sieht das Gute in ihr und vergibt ihre S\u00fcnden. Bartel appellierte an die Gl\u00e4ubigen, den Menschen immer ganz im Blick zu haben, niemand habe nur schlechte Seiten. Auch den Minis w\u00fcnschte er die Sicht auf das Ganze: die Aufgaben seien mal anstrengend, mal leicht und auch jeder einzelne Ministrant habe gute und weniger gute Eigenschaften. <a  href=\"http:\/\/www.pfarrei-we.de\/wp\/wp-content\/uploads\/2016\/07\/P6123665.jpg\" data-rel=\"lightbox-gallery-0\" data-rl_title=\"\" data-rl_caption=\"\" title=\"\"><img decoding=\"async\" loading=\"lazy\" class=\"size-medium wp-image-1761 alignleft\" src=\"http:\/\/www.pfarrei-we.de\/wp\/wp-content\/uploads\/2016\/07\/P6123665-300x225.jpg\" alt=\"OLYMPUS DIGITAL CAMERA\" width=\"300\" height=\"225\" srcset=\"http:\/\/www.pfarrei-we.de\/wp\/wp-content\/uploads\/2016\/07\/P6123665-300x225.jpg 300w, http:\/\/www.pfarrei-we.de\/wp\/wp-content\/uploads\/2016\/07\/P6123665-768x576.jpg 768w, http:\/\/www.pfarrei-we.de\/wp\/wp-content\/uploads\/2016\/07\/P6123665-1024x768.jpg 1024w\" sizes=\"(max-width: 300px) 100vw, 300px\" \/><\/a>Der Priester segnete die Medaillen, welche den bisherigen Anw\u00e4rtern umgelegt wurden und die sie zu offiziellen Ministranten macht. Assistiert wurde Pfarrer Bartel von den beiden Oberministranten Christina Kurz und Josef Kraus. Am Tag vorher mussten die Kandidaten noch eine Pr\u00fcfung ablegen, bei der sie beweisen mussten, was sie in der Zeit der Vorbereitung alles gelernt haben. Alle Minis zeigten, dass sie hervorragendes Ministranten-Wissen haben. Das Team verst\u00e4rken werden in Zukunft zwei M\u00e4dchen und drei Jungen: Theresa Forster-W\u00fcrth und Theresa Sperber, Lukas Birkner, Konrad Sperber und Louis Sperber. Sie geh\u00f6ren zur Gruppe \u201eHeiliger Konrad\u201c. Erstmals brannte f\u00fcr jeden neuen Mini eine pers\u00f6nliche Kerze am Altar, versehen mit dem Vornamen, einer Leiter als Symbol f\u00fcr den Heiligen Emmeram und dem Slogan \u201eeschawo \u2013 neihaus &#8211; bernstoi \u2013 minis\u201c &#8211; also die Ministranten von Windischeschenbach, Neuhaus und Bernstein. Nach der Heiligen Messe ging es ans Pfarrheim zum Grillfest. Die G\u00e4ste wurden mit Fleisch, Bratw\u00fcrsten und einem reichhaltigen Salatb\u00fcffet verk\u00f6stigt. Am Nachmittag fand ein buntes Unterhaltungsprogramm statt, bei dem auch der im Mini-Urlaub gedrehte Film gezeigt wurde. Und nat\u00fcrlich standen Kaffee und Kuchen f\u00fcr die Besucher bereit.<\/p>\n","protected":false},"excerpt":{"rendered":"<p>F\u00fcnfmal Verst\u00e4rkung am Altar Neue Minis aufgenommen 12.06.2016 \u201eNun jauchzt dem Herren, alle Welt. Kommt her, zu seinem Dienst euch stellt..\u201c wurde als Eingangslied beim Gottesdienst in der Pfarrkirche St. Emmeram gesungen. Stadtpfarrer Hubert Bartel f\u00fchrte in der Begr\u00fc\u00dfung der&hellip;<\/p>\n<p class=\"more-link-p\"><a class=\"more-link\" href=\"http:\/\/www.pfarrei-we.de\/wp\/ministrantenaufnahme\/\">Read more &rarr;<\/a><\/p>\n","protected":false},"author":2,"featured_media":0,"parent":0,"menu_order":0,"comment_status":"closed","ping_status":"closed","template":"","meta":{"footnotes":""},"_links":{"self":[{"href":"http:\/\/www.pfarrei-we.de\/wp\/wp-json\/wp\/v2\/pages\/1421"}],"collection":[{"href":"http:\/\/www.pfarrei-we.de\/wp\/wp-json\/wp\/v2\/pages"}],"about":[{"href":"http:\/\/www.pfarrei-we.de\/wp\/wp-json\/wp\/v2\/types\/page"}],"author":[{"embeddable":true,"href":"http:\/\/www.pfarrei-we.de\/wp\/wp-json\/wp\/v2\/users\/2"}],"replies":[{"embeddable":true,"href":"http:\/\/www.pfarrei-we.de\/wp\/wp-json\/wp\/v2\/comments?post=1421"}],"version-history":[{"count":7,"href":"http:\/\/www.pfarrei-we.de\/wp\/wp-json\/wp\/v2\/pages\/1421\/revisions"}],"predecessor-version":[{"id":3003,"href":"http:\/\/www.pfarrei-we.de\/wp\/wp-json\/wp\/v2\/pages\/1421\/revisions\/3003"}],"wp:attachment":[{"href":"http:\/\/www.pfarrei-we.de\/wp\/wp-json\/wp\/v2\/media?parent=1421"}],"curies":[{"name":"wp","href":"https:\/\/api.w.org\/{rel}","templated":true}]}}