{"id":12981,"date":"2025-07-10T16:53:11","date_gmt":"2025-07-10T15:53:11","guid":{"rendered":"https:\/\/www.pfarrei-we.de\/wp\/?page_id=12981"},"modified":"2025-07-10T16:57:52","modified_gmt":"2025-07-10T15:57:52","slug":"juli-mutter-anna","status":"publish","type":"page","link":"http:\/\/www.pfarrei-we.de\/wp\/juli-mutter-anna\/","title":{"rendered":"Juli: Mutter Anna"},"content":{"rendered":"<h1>Die Heilige Mutter Anna<\/h1>\n<h2>Gedenktag: 26. Juli<\/h2>\n<p><img decoding=\"async\" loading=\"lazy\" class=\"alignright wp-image-12985\" src=\"http:\/\/www.pfarrei-we.de\/wp\/wp-content\/uploads\/2025\/07\/Kopie-IMG_7365-209x300.jpg\" alt=\"\" width=\"244\" height=\"350\" srcset=\"http:\/\/www.pfarrei-we.de\/wp\/wp-content\/uploads\/2025\/07\/Kopie-IMG_7365-209x300.jpg 209w, http:\/\/www.pfarrei-we.de\/wp\/wp-content\/uploads\/2025\/07\/Kopie-IMG_7365-713x1024.jpg 713w, http:\/\/www.pfarrei-we.de\/wp\/wp-content\/uploads\/2025\/07\/Kopie-IMG_7365-105x150.jpg 105w, http:\/\/www.pfarrei-we.de\/wp\/wp-content\/uploads\/2025\/07\/Kopie-IMG_7365-768x1102.jpg 768w, http:\/\/www.pfarrei-we.de\/wp\/wp-content\/uploads\/2025\/07\/Kopie-IMG_7365-1070x1536.jpg 1070w, http:\/\/www.pfarrei-we.de\/wp\/wp-content\/uploads\/2025\/07\/Kopie-IMG_7365-1427x2048.jpg 1427w, http:\/\/www.pfarrei-we.de\/wp\/wp-content\/uploads\/2025\/07\/Kopie-IMG_7365-scaled.jpg 1784w\" sizes=\"(max-width: 244px) 100vw, 244px\" \/>Wenn Sie Anja, Anke, Anne, Anneli, Antje oder Annette hei\u00dfen, dann ist Ihre Namenspatronin die Heilige Mutter Anna. Den Namen Anna gibt es in vielen verschiedenen Formen und Varianten.<\/p>\n<p>Anna war die Mutter Marias und damit die Gro\u00dfmutter Jesu. Obwohl sie die vier Evangelisten in der Bibel nicht erw\u00e4hnen, wird sie seit dem Mittelalter als Heilige verehrt. In zahlreichen Kirchen finden sich Abbildungen von ihr und eine ganze Reihe von Gottesh\u00e4usern sind nach ihr benannt. Beispiele aus unserer Umgebung sind die Mutter-Anna Kirche in Neustadt\/WN, die\u00a0St. Anna-Kirche in Wernberg-K\u00f6blitz oder auch die Wallfahrtskirche St. Anna in Sulzbach-Rosenberg.<\/p>\n<p>Der Name Anna kommt aus dem Hebr\u00e4ischen und bedeutet &#8222;Jahwe hat sich erbarmt&#8220;. Die Legende erz\u00e4hlt: Anna und Joachim sehnen sich viele Jahre vergeblich nach einem Kind. Immer wieder bitten sie Gott darum. Nach langen Jahren endlosen Wartens erscheint Joachim ein Engel und verk\u00fcndet ihm die Geburt einer Tochter. Auch seine Ehefrau Anna erlebt eine Engelerscheinung und die Verhei\u00dfung eines von Gott auserw\u00e4hlten Kindes. Nach neun Monaten kommt ein M\u00e4dchen zur Welt. Die Eltern nennen es Maria.<\/p>\n<p>In der christlichen Ikonographie wird die Heilige Anna oft mit ihrer Tochter Maria und dem Jesuskind dargestellt. Besonders bekannt ist ein Gem\u00e4lde von Leonardo da Vinci aus dem 16. Jahrhundert. Die Darstellungen von Gro\u00dfmutter Anna, Mutter Maria und dem Jesuskind waren in dieser Zeit fester Bestandteil der Volksfr\u00f6mmigkeit.<\/p>\n<p><img decoding=\"async\" loading=\"lazy\" class=\"alignleft wp-image-12986\" src=\"http:\/\/www.pfarrei-we.de\/wp\/wp-content\/uploads\/2025\/07\/Kopie-IMG_7316-218x300.jpg\" alt=\"\" width=\"254\" height=\"350\" srcset=\"http:\/\/www.pfarrei-we.de\/wp\/wp-content\/uploads\/2025\/07\/Kopie-IMG_7316-218x300.jpg 218w, http:\/\/www.pfarrei-we.de\/wp\/wp-content\/uploads\/2025\/07\/Kopie-IMG_7316-744x1024.jpg 744w, http:\/\/www.pfarrei-we.de\/wp\/wp-content\/uploads\/2025\/07\/Kopie-IMG_7316-109x150.jpg 109w, http:\/\/www.pfarrei-we.de\/wp\/wp-content\/uploads\/2025\/07\/Kopie-IMG_7316-768x1057.jpg 768w, http:\/\/www.pfarrei-we.de\/wp\/wp-content\/uploads\/2025\/07\/Kopie-IMG_7316-1116x1536.jpg 1116w, http:\/\/www.pfarrei-we.de\/wp\/wp-content\/uploads\/2025\/07\/Kopie-IMG_7316-1488x2048.jpg 1488w, http:\/\/www.pfarrei-we.de\/wp\/wp-content\/uploads\/2025\/07\/Kopie-IMG_7316-scaled.jpg 1860w\" sizes=\"(max-width: 254px) 100vw, 254px\" \/>Kaum eine Heilige wird von so vielen Berufsst\u00e4nden als Patronin angerufen wie die Heilige Anna. Sie ist die Patronin von Florenz, Innsbruck, Neapel und der Bretagne; Patronin der M\u00fctter und der Ehe, der Hausfrauen, Hausangestellten, Ammen, Witwen, Arbeiterinnen, Weber, Schneider, Knechte, M\u00fcller, Spitzenkl\u00f6ppler, Kr\u00e4mer, Schiffer, Seiler, Tischler, Drechsler und der Goldschmiede; unter anderem wird sie angerufen f\u00fcr eine gl\u00fcckliche Heirat, f\u00fcr Kindersegen und f\u00fcr eine gl\u00fcckliche Geburt.<\/p>\n<p>In fr\u00fchchristlicher Zeit erfuhr Anna keinerlei Verehrung; diese begann \u2013 zun\u00e4chst jedoch nur z\u00f6gerlich \u2013 im Jahr 550, als ihr zu Ehren in Konstantinopel eine Kirche errichtet wurde.<\/p>\n<p>Im Jahr 1481 lie\u00df Papst Sixtus IV. den Gedenktag der Anna in den r\u00f6mischen Kalender aufnehmen und 1584 legte Papst Gregor XIII. den Gedenktag der Heiligen Mutter Anna auf den 26. Juli.<\/p>\n<p>Wenn Sie also Anni, Annerl, Annuschka, Annika oder Anita hei\u00dfen, dann k\u00f6nnen Sie an diesem Tag Ihren Namenstag feiern und Ihrer Namenspatronin gedenken.<\/p>\n<p>&nbsp;<\/p>\n<p>&nbsp;<\/p>\n","protected":false},"excerpt":{"rendered":"<p>Die Heilige Mutter Anna Gedenktag: 26. Juli Wenn Sie Anja, Anke, Anne, Anneli, Antje oder Annette hei\u00dfen, dann ist Ihre Namenspatronin die Heilige Mutter Anna. Den Namen Anna gibt es in vielen verschiedenen Formen und Varianten. Anna war die Mutter&hellip;<\/p>\n<p class=\"more-link-p\"><a class=\"more-link\" href=\"http:\/\/www.pfarrei-we.de\/wp\/juli-mutter-anna\/\">Read more &rarr;<\/a><\/p>\n","protected":false},"author":3,"featured_media":0,"parent":0,"menu_order":0,"comment_status":"closed","ping_status":"closed","template":"","meta":{"footnotes":""},"_links":{"self":[{"href":"http:\/\/www.pfarrei-we.de\/wp\/wp-json\/wp\/v2\/pages\/12981"}],"collection":[{"href":"http:\/\/www.pfarrei-we.de\/wp\/wp-json\/wp\/v2\/pages"}],"about":[{"href":"http:\/\/www.pfarrei-we.de\/wp\/wp-json\/wp\/v2\/types\/page"}],"author":[{"embeddable":true,"href":"http:\/\/www.pfarrei-we.de\/wp\/wp-json\/wp\/v2\/users\/3"}],"replies":[{"embeddable":true,"href":"http:\/\/www.pfarrei-we.de\/wp\/wp-json\/wp\/v2\/comments?post=12981"}],"version-history":[{"count":3,"href":"http:\/\/www.pfarrei-we.de\/wp\/wp-json\/wp\/v2\/pages\/12981\/revisions"}],"predecessor-version":[{"id":12987,"href":"http:\/\/www.pfarrei-we.de\/wp\/wp-json\/wp\/v2\/pages\/12981\/revisions\/12987"}],"wp:attachment":[{"href":"http:\/\/www.pfarrei-we.de\/wp\/wp-json\/wp\/v2\/media?parent=12981"}],"curies":[{"name":"wp","href":"https:\/\/api.w.org\/{rel}","templated":true}]}}