{"id":12687,"date":"2025-01-24T17:24:53","date_gmt":"2025-01-24T16:24:53","guid":{"rendered":"http:\/\/www.pfarrei-we.de\/wp\/?page_id=12687"},"modified":"2025-02-17T16:00:23","modified_gmt":"2025-02-17T15:00:23","slug":"don-bosco-2","status":"publish","type":"page","link":"http:\/\/www.pfarrei-we.de\/wp\/don-bosco-2\/","title":{"rendered":"Januar: Don Bosco"},"content":{"rendered":"<h1><strong>\u201eFr\u00f6hlich sein, Gutes tun und die Spatzen pfeifen lassen!\u201c<\/strong><\/h1>\n<h2>Namenstag: 31. Januar<\/h2>\n<p><img decoding=\"async\" loading=\"lazy\" class=\"alignleft wp-image-12690\" src=\"http:\/\/www.pfarrei-we.de\/wp\/wp-content\/uploads\/2025\/01\/Bild1-1.jpg\" alt=\"\" width=\"194\" height=\"260\" srcset=\"http:\/\/www.pfarrei-we.de\/wp\/wp-content\/uploads\/2025\/01\/Bild1-1.jpg 151w, http:\/\/www.pfarrei-we.de\/wp\/wp-content\/uploads\/2025\/01\/Bild1-1-112x150.jpg 112w\" sizes=\"(max-width: 194px) 100vw, 194px\" \/>Der heilige <strong>Johannes Bosco (1815\u20131888)<\/strong>, auch Don Bosco genannt, war ein italienischer Priester, P\u00e4dagoge und Ordensgr\u00fcnder, der vor allem f\u00fcr seine Arbeit mit benachteiligten Jugendlichen bekannt wurde. Geboren in einem kleinen Dorf bei Turin, wuchs er in einer armen Bauernfamilie auf und zeigte fr\u00fch eine tiefe Religiosit\u00e4t und ein besonderes Talent, andere zu begeistern. Sein <strong>Gedenktag ist der 31. Januar<\/strong>.<\/p>\n<p>Don Bosco widmete sein Leben der Bildung und Erziehung von Jugendlichen, insbesondere jener, die in Armut lebten oder auf der Stra\u00dfe gestrandet waren. In einer Zeit, in der die industrielle Revolution viele soziale Probleme hervorrief, erkannte er, dass junge Menschen sowohl materielle als auch moralische Unterst\u00fctzung ben\u00f6tigten. Mit unerm\u00fcdlichem Einsatz gr\u00fcndete er Jugendzentren, sogenannte Oratorien, in denen Kinder und Jugendliche ein Zuhause, Bildung und eine religi\u00f6se Orientierung fanden.<\/p>\n<p>Sein Wirken inspiriert bis heute, insbesondere die Pfadfinderbewegung, in der Don Bosco als Schutzpatron des \u201eStammes Neuhaus\u201c verehrt wird. Seine p\u00e4dagogischen Prinzipien \u2013 Liebe, Vertrauen und Gemeinschaft \u2013 sowie sein Engagement f\u00fcr junge Menschen machen ihn zu einem Vorbild, das den Werten der Pfadfinderbewegung entspricht.<\/p>\n<p>Ein Meilenstein seines Lebens war die Gr\u00fcndung der Salesianer Don Boscos, einer Ordensgemeinschaft, die sich der Jugendbildung verschrieben hat. Auch die \u201eT\u00f6chter Mari\u00e4 Hilfe der Christen\u201c \u2013 eine Ordensgemeinschaft f\u00fcr Frauen \u2013 sowie unz\u00e4hlige Berufsausbildungsst\u00e4tten und Schulen geh\u00f6ren zu seinem Verm\u00e4chtnis. Seine tiefe Spiritualit\u00e4t, gepr\u00e4gt von einem starken Vertrauen in die F\u00fcrsprache Mariens, f\u00fchrte viele Jugendliche zu einem Leben im Glauben. Die Werke Don Boscos leben bis heute weltweit fort und motivieren Menschen, sich f\u00fcr die Jugend einzusetzen.<\/p>\n<p>Text: Susanne Bergler, Bild: https:\/\/www.donbosco.de\/Ueber-uns\/don-bosco<\/p>\n<p><img decoding=\"async\" loading=\"lazy\" class=\"aligncenter wp-image-12692 size-full\" src=\"http:\/\/www.pfarrei-we.de\/wp\/wp-content\/uploads\/2025\/01\/Bild-von-Pfarrer-Bartel-1.jpg\" alt=\"\" width=\"2176\" height=\"1724\" srcset=\"http:\/\/www.pfarrei-we.de\/wp\/wp-content\/uploads\/2025\/01\/Bild-von-Pfarrer-Bartel-1.jpg 2176w, http:\/\/www.pfarrei-we.de\/wp\/wp-content\/uploads\/2025\/01\/Bild-von-Pfarrer-Bartel-1-300x238.jpg 300w, http:\/\/www.pfarrei-we.de\/wp\/wp-content\/uploads\/2025\/01\/Bild-von-Pfarrer-Bartel-1-1024x811.jpg 1024w, http:\/\/www.pfarrei-we.de\/wp\/wp-content\/uploads\/2025\/01\/Bild-von-Pfarrer-Bartel-1-150x119.jpg 150w, http:\/\/www.pfarrei-we.de\/wp\/wp-content\/uploads\/2025\/01\/Bild-von-Pfarrer-Bartel-1-768x608.jpg 768w, http:\/\/www.pfarrei-we.de\/wp\/wp-content\/uploads\/2025\/01\/Bild-von-Pfarrer-Bartel-1-1536x1217.jpg 1536w, http:\/\/www.pfarrei-we.de\/wp\/wp-content\/uploads\/2025\/01\/Bild-von-Pfarrer-Bartel-1-2048x1623.jpg 2048w\" sizes=\"(max-width: 2176px) 100vw, 2176px\" \/><\/p>\n","protected":false},"excerpt":{"rendered":"<p>\u201eFr\u00f6hlich sein, Gutes tun und die Spatzen pfeifen lassen!\u201c Namenstag: 31. Januar Der heilige Johannes Bosco (1815\u20131888), auch Don Bosco genannt, war ein italienischer Priester, P\u00e4dagoge und Ordensgr\u00fcnder, der vor allem f\u00fcr seine Arbeit mit benachteiligten Jugendlichen bekannt wurde. Geboren&hellip;<\/p>\n<p class=\"more-link-p\"><a class=\"more-link\" href=\"http:\/\/www.pfarrei-we.de\/wp\/don-bosco-2\/\">Read more &rarr;<\/a><\/p>\n","protected":false},"author":3,"featured_media":0,"parent":0,"menu_order":0,"comment_status":"closed","ping_status":"closed","template":"","meta":{"footnotes":""},"_links":{"self":[{"href":"http:\/\/www.pfarrei-we.de\/wp\/wp-json\/wp\/v2\/pages\/12687"}],"collection":[{"href":"http:\/\/www.pfarrei-we.de\/wp\/wp-json\/wp\/v2\/pages"}],"about":[{"href":"http:\/\/www.pfarrei-we.de\/wp\/wp-json\/wp\/v2\/types\/page"}],"author":[{"embeddable":true,"href":"http:\/\/www.pfarrei-we.de\/wp\/wp-json\/wp\/v2\/users\/3"}],"replies":[{"embeddable":true,"href":"http:\/\/www.pfarrei-we.de\/wp\/wp-json\/wp\/v2\/comments?post=12687"}],"version-history":[{"count":6,"href":"http:\/\/www.pfarrei-we.de\/wp\/wp-json\/wp\/v2\/pages\/12687\/revisions"}],"predecessor-version":[{"id":12764,"href":"http:\/\/www.pfarrei-we.de\/wp\/wp-json\/wp\/v2\/pages\/12687\/revisions\/12764"}],"wp:attachment":[{"href":"http:\/\/www.pfarrei-we.de\/wp\/wp-json\/wp\/v2\/media?parent=12687"}],"curies":[{"name":"wp","href":"https:\/\/api.w.org\/{rel}","templated":true}]}}