{"id":1194,"date":"2016-06-27T22:51:02","date_gmt":"2016-06-27T21:51:02","guid":{"rendered":"http:\/\/www.pfarrei-we.de\/wp\/?page_id=1194"},"modified":"2016-08-28T17:11:47","modified_gmt":"2016-08-28T16:11:47","slug":"besuch-der-weidener-tafel","status":"publish","type":"page","link":"http:\/\/www.pfarrei-we.de\/wp\/besuch-der-weidener-tafel\/","title":{"rendered":"Besuch der Weidener Tafel"},"content":{"rendered":"<h1>Armut auch in unserer Region kein Fremdwort<\/h1>\n<p>23.03.2016<\/p>\n<p>Der Pfarrgemeinderat informierte sich vor Ort\u00a0\u00fcber die Arbeit der Weidener Tafel und erhielt Anregungen, wie das barmherzige Werk &#8222;Hungrigen zu essen geben&#8220; heute aussehen kann. Vorsitzender Josef Gebhardt \u00a0und die Vorstandsmitglieder Birgit K\u00e4s und Bert Mayer, (v.li., hintere Reihe) f\u00fchrten die Besucher aus der Pfarreiengemeinschaft durch die R\u00e4umlichkeiten und informieren \u00fcber Zahlen, Fakten und Organisation der Einrichtung.<\/p>\n<p><a  href=\"http:\/\/www.pfarrei-we.de\/wp\/wp-content\/uploads\/2016\/06\/P3233189.jpg\" data-rel=\"lightbox-gallery-0\" data-rl_title=\"\" data-rl_caption=\"\" title=\"\"><img decoding=\"async\" loading=\"lazy\" class=\"wp-image-1379 alignleft\" src=\"http:\/\/www.pfarrei-we.de\/wp\/wp-content\/uploads\/2016\/06\/P3233189-300x225.jpg\" alt=\"OLYMPUS DIGITAL CAMERA\" width=\"480\" height=\"360\" srcset=\"http:\/\/www.pfarrei-we.de\/wp\/wp-content\/uploads\/2016\/06\/P3233189-300x225.jpg 300w, http:\/\/www.pfarrei-we.de\/wp\/wp-content\/uploads\/2016\/06\/P3233189-768x576.jpg 768w, http:\/\/www.pfarrei-we.de\/wp\/wp-content\/uploads\/2016\/06\/P3233189-1024x768.jpg 1024w\" sizes=\"(max-width: 480px) 100vw, 480px\" \/><\/a><\/p>\n<p>&nbsp;<\/p>\n<p>Zur Unterst\u00fctzung der Tafel wird der Pfarrgemeinderat am 24. September 2016 unter dem Motte &#8222;Ein Artikel mehr&#8220; eine Sammelaktion bei Edeka H\u00e4rtl durchf\u00fchren. N\u00e4here Informationen dazu werden im Pfarrbrief und in der Presse bekannt gegeben.<\/p>\n<p>&nbsp;<\/p>\n","protected":false},"excerpt":{"rendered":"<p>Armut auch in unserer Region kein Fremdwort 23.03.2016 Der Pfarrgemeinderat informierte sich vor Ort\u00a0\u00fcber die Arbeit der Weidener Tafel und erhielt Anregungen, wie das barmherzige Werk &#8222;Hungrigen zu essen geben&#8220; heute aussehen kann. Vorsitzender Josef Gebhardt \u00a0und die Vorstandsmitglieder Birgit&hellip;<\/p>\n<p class=\"more-link-p\"><a class=\"more-link\" href=\"http:\/\/www.pfarrei-we.de\/wp\/besuch-der-weidener-tafel\/\">Read more &rarr;<\/a><\/p>\n","protected":false},"author":2,"featured_media":0,"parent":0,"menu_order":0,"comment_status":"closed","ping_status":"closed","template":"","meta":{"footnotes":""},"_links":{"self":[{"href":"http:\/\/www.pfarrei-we.de\/wp\/wp-json\/wp\/v2\/pages\/1194"}],"collection":[{"href":"http:\/\/www.pfarrei-we.de\/wp\/wp-json\/wp\/v2\/pages"}],"about":[{"href":"http:\/\/www.pfarrei-we.de\/wp\/wp-json\/wp\/v2\/types\/page"}],"author":[{"embeddable":true,"href":"http:\/\/www.pfarrei-we.de\/wp\/wp-json\/wp\/v2\/users\/2"}],"replies":[{"embeddable":true,"href":"http:\/\/www.pfarrei-we.de\/wp\/wp-json\/wp\/v2\/comments?post=1194"}],"version-history":[{"count":10,"href":"http:\/\/www.pfarrei-we.de\/wp\/wp-json\/wp\/v2\/pages\/1194\/revisions"}],"predecessor-version":[{"id":2585,"href":"http:\/\/www.pfarrei-we.de\/wp\/wp-json\/wp\/v2\/pages\/1194\/revisions\/2585"}],"wp:attachment":[{"href":"http:\/\/www.pfarrei-we.de\/wp\/wp-json\/wp\/v2\/media?parent=1194"}],"curies":[{"name":"wp","href":"https:\/\/api.w.org\/{rel}","templated":true}]}}